{"id":9768,"date":"2019-09-10T22:53:36","date_gmt":"2019-09-10T20:53:36","guid":{"rendered":"https:\/\/juristenverband.at\/juristenball\/charity\/"},"modified":"2025-06-03T16:36:24","modified_gmt":"2025-06-03T14:36:24","slug":"charity","status":"publish","type":"page","link":"https:\/\/juristenverband.at\/en\/juristenball\/charity\/","title":{"rendered":"Charity"},"content":{"rendered":"<div class=\"wpb-content-wrapper\"><p>[vc_row equal_height=&#8221;yes&#8221; content_placement=&#8221;middle&#8221;][vc_column el_align=&#8221;center&#8221;]<h2>34 YEARS AGAINST DOMESTIC VIOLENCE!<\/h2>[\/vc_column][\/vc_row][vc_row equal_height=&#8221;yes&#8221; content_placement=&#8221;middle&#8221;][vc_column width=&#8221;1\/2&#8243;][vc_column_text]<span data-contrast=\"none\">\u201eWider die Gewalt\u201c is <\/span><b><span data-contrast=\"none\">marking a strong sign against violence <\/span><\/b><span data-contrast=\"none\">since 34 years!\u00a0<\/span><span data-ccp-props=\"{&quot;134245417&quot;:false,&quot;201341983&quot;:2,&quot;335559739&quot;:240,&quot;335559740&quot;:360}\">\u00a0<\/span><\/p>\n<p><span data-contrast=\"none\">Former Austrian Chancellor Dr. Franz Vranitzky founded the non profit organisation \u201cAgainst Domestic Violence\u201d in May 1990.\u00a0<\/span><span data-ccp-props=\"{&quot;134245417&quot;:false,&quot;201341983&quot;:2,&quot;335559739&quot;:240,&quot;335559740&quot;:360}\">\u00a0<\/span><\/p>\n<p><span data-contrast=\"none\">Purpose of the organisation is to financially support programs fighting violence and support club charities helping the victims of violence.. The organisation is particularly focusing on violence in the family.\u00a0<\/span><span data-ccp-props=\"{&quot;134245417&quot;:false,&quot;201341983&quot;:2,&quot;335559739&quot;:240,&quot;335559740&quot;:360}\">\u00a0<\/span><\/p>\n<p><span data-contrast=\"none\">In favour of the original initiative the project became a public benefit. During the last <\/span><b><span data-contrast=\"none\">34 Years <\/span><\/b><span data-contrast=\"none\">the organisation could raise a total yield of more than\u00a0<\/span><b><span data-contrast=\"none\"> 3,5 Million Euro!\u00a0<\/span><\/b>[\/vc_column_text][\/vc_column][vc_column width=&#8221;1\/2&#8243;][vc_single_image image=&#8221;15493&#8243; img_size=&#8221;full&#8221; alignment=&#8221;center&#8221;][\/vc_column][\/vc_row][vc_row][vc_column][vc_column_text]<span data-contrast=\"none\">This amount coud be reached with the help of more than <\/span><b><span data-contrast=\"none\">450 international artists <\/span><\/b><span data-contrast=\"none\">performing at the annual Benefit Gala in Vienna, the profit of the tickets, donations and corporate sponsorings.\u00a0<\/span><span data-ccp-props=\"{&quot;134245417&quot;:false,&quot;201341983&quot;:2,&quot;335559739&quot;:240,&quot;335559740&quot;:360}\">\u00a0<\/span><\/p>\n<p><span data-contrast=\"none\">The artists are all performing <\/span><b><span data-contrast=\"none\">free of charge<\/span><\/b><span data-contrast=\"none\">. The net profit of the different events throughout the year are transferred to the organisations who applied for a sponsorship during the year and have been selected by the Executive Board.\u00a0<\/span><span data-ccp-props=\"{&quot;134245417&quot;:false,&quot;201341983&quot;:2,&quot;335559739&quot;:240,&quot;335559740&quot;:360}\">\u00a0<\/span><\/p>\n<p><span data-contrast=\"none\">The gala event is very well recognized within the press world and has welcomed more than 450 artists over the past 25 years such as <\/span><b><span data-contrast=\"none\">ESC Winner<\/span><\/b> <b><span data-contrast=\"none\">Conchita, <\/span><\/b><b><span data-contrast=\"none\">Melanie C, Paul Potts, OPUS, Xavier Naidoo, Wolfgang Ambros, Roland Kaiser, Jeanette Biedermann, Klaus Maria Brandauer, Christiane H\u00f6rbiger, DJ \u00d6tzi, Rainhard Fendrich, Der Graf von Unheilig, Albert Hammond, Udo J\u00fcrgens, Semino Rossi, Andr\u00e9 Heller, Karl Markovics, Christina St\u00fcrmer, Bonnie Tyler <\/span><\/b><span data-contrast=\"none\">and many more.\u00a0<\/span><span data-ccp-props=\"{&quot;134245417&quot;:false,&quot;201341983&quot;:2,&quot;335559739&quot;:240,&quot;335559740&quot;:360}\">\u00a0<\/span><\/p>\n<p><span data-contrast=\"none\">The organisation was able to help over <\/span><b><span data-contrast=\"none\">280 associations and organisations <\/span><\/b><span data-contrast=\"none\">with the money raised to continue their work in helping the victims of violence.\u00a0<\/span><span data-ccp-props=\"{&quot;134245417&quot;:false,&quot;201341983&quot;:2,&quot;335559739&quot;:240,&quot;335559740&quot;:360}\">\u00a0<\/span><\/p>\n<p><span data-contrast=\"none\">For further informations please visit the website <\/span><span data-contrast=\"none\">www.widerdiegewalt.at <\/span><span data-contrast=\"none\">or feel free to contact us\u00a0<\/span><span data-ccp-props=\"{&quot;134245417&quot;:false,&quot;201341983&quot;:2,&quot;335559739&quot;:240,&quot;335559740&quot;:360}\">\u00a0<\/span>[\/vc_column_text][\/vc_column][\/vc_row][vc_row full_width=&#8221;default_no_spaces&#8221; equal_height=&#8221;yes&#8221; content_placement=&#8221;middle&#8221; bg_type=&#8221;bg_color&#8221; bg_color_value=&#8221;#f2f2f2&#8243; css=&#8221;.vc_custom_1700644580548{padding-top: 30px !important;}&#8221;][vc_column width=&#8221;1\/2&#8243;][vc_column_text]<span data-contrast=\"none\">Marika Lichter\u2028Manageress\u2028Trattnerhof 2\/Top 204\u20281010 Wien<br \/>\n<a href=\"mailto:office@widerdiegewalt.at\">office@widerdiegewalt.at<\/a> <a href=\"http:\/\/www.widerdiegewalt.at\">www.widerdiegewalt.at\u00a0<\/a><br \/>\n<\/span><span data-contrast=\"none\">mobile <a href=\"tel:+436641001077\">+436641001077<\/a>\u00a0<\/span><span data-ccp-props=\"{&quot;134245417&quot;:false,&quot;201341983&quot;:2,&quot;335559739&quot;:240,&quot;335559740&quot;:380}\">\u00a0<\/span><\/p>\n<p><span data-contrast=\"none\">Find us on social media!<\/span><span data-ccp-props=\"{&quot;134245417&quot;:false,&quot;201341983&quot;:2,&quot;335559739&quot;:240,&quot;335559740&quot;:380}\"><br \/>\n<\/span><span data-contrast=\"none\"><a href=\"https:\/\/www.facebook.com\/Widerdiegewalt\">https:\/\/www.facebook.com\/Widerdiegewalt<\/a>\u00a0<\/span><span data-ccp-props=\"{&quot;134245417&quot;:false,&quot;201341983&quot;:2,&quot;335559739&quot;:240,&quot;335559740&quot;:380}\"><br \/>\n<\/span><a href=\"https:\/\/instagram.com\/widerdiegewalt\"><span data-contrast=\"none\">instagram.com\/widerdiegewalt<\/span><\/a><span data-ccp-props=\"{&quot;134245417&quot;:false,&quot;201341983&quot;:2,&quot;335559739&quot;:240,&quot;335559740&quot;:380}\">\u00a0<\/span>[\/vc_column_text][\/vc_column][vc_column width=&#8221;1\/2&#8243;][vc_row_inner equal_height=&#8221;yes&#8221; content_placement=&#8221;middle&#8221;][vc_column_inner el_align=&#8221;center&#8221; width=&#8221;1\/2&#8243;][vc_single_image image=&#8221;10017&#8243; img_size=&#8221;100&#215;100&#8243; alignment=&#8221;right&#8221;][\/vc_column_inner][vc_column_inner width=&#8221;1\/2&#8243;][vc_single_image image=&#8221;15495&#8243; img_size=&#8221;100&#215;100&#8243;][\/vc_column_inner][\/vc_row_inner][\/vc_column][\/vc_row]<\/p>\n<\/div>","protected":false},"excerpt":{"rendered":"<p>[vc_row equal_height=&#8221;yes&#8221; content_placement=&#8221;middle&#8221;][vc_column el_align=&#8221;center&#8221;][\/vc_column][\/vc_row][vc_row equal_height=&#8221;yes&#8221; content_placement=&#8221;middle&#8221;][vc_column width=&#8221;1\/2&#8243;][vc_column_text]\u201eWider die Gewalt\u201c is marking a strong sign against violence since 34 years!\u00a0\u00a0 Former Austrian Chancellor Dr. Franz Vranitzky founded the non profit organisation [&hellip;]<\/p>\n","protected":false},"author":1,"featured_media":0,"parent":18905,"menu_order":0,"comment_status":"closed","ping_status":"closed","template":"","meta":{"_price":"","_stock":"","_tribe_ticket_header":"","_tribe_default_ticket_provider":"","_tribe_ticket_capacity":"0","_ticket_start_date":"","_ticket_end_date":"","_tribe_ticket_show_description":"","_tribe_ticket_show_not_going":false,"_tribe_ticket_use_global_stock":"","_tribe_ticket_global_stock_level":"","_global_stock_mode":"","_global_stock_cap":"","_tribe_rsvp_for_event":"","_tribe_ticket_going_count":"","_tribe_ticket_not_going_count":"","_tribe_tickets_list":"[]","_tribe_ticket_has_attendee_info_fields":false,"footnotes":""},"class_list":["post-9768","page","type-page","status-publish","hentry"],"_links":{"self":[{"href":"https:\/\/juristenverband.at\/en\/wp-json\/wp\/v2\/pages\/9768","targetHints":{"allow":["GET"]}}],"collection":[{"href":"https:\/\/juristenverband.at\/en\/wp-json\/wp\/v2\/pages"}],"about":[{"href":"https:\/\/juristenverband.at\/en\/wp-json\/wp\/v2\/types\/page"}],"author":[{"embeddable":true,"href":"https:\/\/juristenverband.at\/en\/wp-json\/wp\/v2\/users\/1"}],"replies":[{"embeddable":true,"href":"https:\/\/juristenverband.at\/en\/wp-json\/wp\/v2\/comments?post=9768"}],"version-history":[{"count":0,"href":"https:\/\/juristenverband.at\/en\/wp-json\/wp\/v2\/pages\/9768\/revisions"}],"up":[{"embeddable":true,"href":"https:\/\/juristenverband.at\/en\/wp-json\/wp\/v2\/pages\/18905"}],"wp:attachment":[{"href":"https:\/\/juristenverband.at\/en\/wp-json\/wp\/v2\/media?parent=9768"}],"curies":[{"name":"wp","href":"https:\/\/api.w.org\/{rel}","templated":true}]}}